{"id":34911,"date":"2022-11-16T16:40:58","date_gmt":"2022-11-16T09:40:58","guid":{"rendered":"https:\/\/mmvietnam.com\/?page_id=34911"},"modified":"2024-09-18T15:18:26","modified_gmt":"2024-09-18T08:18:26","slug":"ho-so-tu-cong-bo-chat-luong-san-pham-en","status":"publish","type":"page","link":"https:\/\/mmvietnam.com\/en\/quality-control\/ho-so-tu-cong-bo-chat-luong-san-pham-en\/","title":{"rendered":"H\u1ed3 s\u01a1 t\u1ef1 c\u00f4ng b\u1ed1 Ch\u1ea5t l\u01b0\u1ee3ng s\u1ea3n ph\u1ea9m en"},"content":{"rendered":"<h2 >\n\t\t\t\t\tAccess to content, information, and publication of products of MM Mega Market Vietnam\t\t\t<\/h2>\n<p>Step 1: Access the link:\u00a0<a href=\"https:\/\/file.mmvietnam.com\/s\/HPjdfLcLS4fFBtW\">https:\/\/file.mmvietnam.com\/index.php\/s\/QLafnEGEiGKFqtW<\/a><\/p>\n<p>Step 2: The screen will display 1 of 2 contents, accessed according to the instructions below<\/p>\n<p>\u2013 Click Continue to this website (not recommended).<\/p>\n<p>\u2013 Or Details -&gt; Go on to the webpage (not recommended).<\/p>\n<p>Step 3: Enter the password: MMVN2024.<\/p>\n<p>Step 4: Find and download product information.<\/p>\n<p>                            <a itemprop=\"url\" href=\"\" target=\"_self\" rel=\"noopener\"><br \/>\n                                                            <\/a><\/p>\n<h6><a itemprop=\"url\" href=\"\" target=\"_self\" rel=\"noopener\"><\/a><\/h6>\n<h4 itemprop=\"name\"><a itemprop=\"url\" href=\"\" target=\"_self\" rel=\"noopener\"><\/a><\/h4>\n<p>\t\t\t<a href=\"\/khach-hang-doanh-nghiep\" target=\"_self\" rel=\"noopener\"><br \/>\n        \u0110\u0103ng k\u00fd        <svg xmlns=\"http:\/\/www.w3.org\/2000\/svg\" xmlns:xlink=\"http:\/\/www.w3.org\/1999\/xlink\" x=\"0px\" y=\"0px\" viewBox=\"0 0 63 20\" xml:space=\"preserve\">\n                            <line x1=\"61.6\" y1=\"10\" x2=\"61.6\" y2=\"10\"\/>\n                            <line x1=\"62\" y1=\"10\" x2=\"61.6\" y2=\"10\"\/>\n                            <line x1=\"61.6\" y1=\"10\" x2=\"1\" y2=\"10\"\/>\n                            <path d=\"M61.6,10\"\/>\n                            <line x1=\"61.6\" y1=\"10\" x2=\"61.6\" y2=\"10\"\/>\n                            <line x1=\"56.7\" y1=\"5.1\" x2=\"61.6\" y2=\"10\"\/>\n                            <path d=\"M61.6,10\"\/>\n                            <line x1=\"61.6\" y1=\"10\" x2=\"61.6\" y2=\"10\"\/>\n                            <line x1=\"61.6\" y1=\"10\" x2=\"56.7\" y2=\"14.9\"\/>\n                        <\/svg><br \/>\n<\/a><\/p>\n","protected":false},"excerpt":{"rendered":"<p>Access to content, information, and publication of products of MM Mega Market Vietnam Step 1: Access the link:\u00a0https:\/\/file.mmvietnam.com\/index.php\/s\/QLafnEGEiGKFqtW Step 2: The screen will display 1 of 2 contents, accessed according to the instructions below \u2013 Click Continue to this website (not recommended). \u2013 Or Details -&gt; Go on to the webpage (not recommended). Step 3: [&hellip;]<\/p>\n","protected":false},"author":1,"featured_media":0,"parent":16716,"menu_order":0,"comment_status":"closed","ping_status":"closed","template":"","meta":{"footnotes":""},"categories":[],"tags":[],"class_list":["post-34911","page","type-page","status-publish","hentry"],"yoast_head":"<!-- This site is optimized with the Yoast SEO plugin v23.3 - https:\/\/yoast.com\/wordpress\/plugins\/seo\/ -->\n<title>H\u1ed3 s\u01a1 t\u1ef1 c\u00f4ng b\u1ed1 Ch\u1ea5t l\u01b0\u1ee3ng s\u1ea3n ph\u1ea9m en - MM Mega Market Vietnam<\/title>\n<meta name=\"robots\" content=\"index, follow, max-snippet:-1, max-image-preview:large, max-video-preview:-1\" \/>\n<link rel=\"canonical\" href=\"https:\/\/mmvietnam.com\/en\/quality-control\/ho-so-tu-cong-bo-chat-luong-san-pham-en\/\" \/>\n<meta property=\"og:locale\" content=\"en_US\" \/>\n<meta property=\"og:type\" content=\"article\" \/>\n<meta property=\"og:title\" content=\"H\u1ed3 s\u01a1 t\u1ef1 c\u00f4ng b\u1ed1 Ch\u1ea5t l\u01b0\u1ee3ng s\u1ea3n ph\u1ea9m en - MM Mega Market Vietnam\" \/>\n<meta property=\"og:description\" content=\"Access to content, information, and publication of products of MM Mega Market Vietnam Step 1: Access the link:\u00a0https:\/\/file.mmvietnam.com\/index.php\/s\/QLafnEGEiGKFqtW Step 2: The screen will display 1 of 2 contents, accessed according to the instructions below \u2013 Click Continue to this website (not recommended). \u2013 Or Details -&gt; Go on to the webpage (not recommended). Step 3: [&hellip;]\" \/>\n<meta property=\"og:url\" content=\"https:\/\/mmvietnam.com\/en\/quality-control\/ho-so-tu-cong-bo-chat-luong-san-pham-en\/\" \/>\n<meta property=\"og:site_name\" content=\"MM Mega Market Vietnam\" \/>\n<meta property=\"article:publisher\" content=\"https:\/\/www.facebook.com\/MMMegaMarketVietnam\/\" \/>\n<meta property=\"article:modified_time\" content=\"2024-09-18T08:18:26+00:00\" \/>\n<meta name=\"twitter:card\" content=\"summary_large_image\" \/>\n<meta name=\"twitter:label1\" content=\"Est. reading time\" \/>\n\t<meta name=\"twitter:data1\" content=\"1 minute\" \/>\n<script type=\"application\/ld+json\" class=\"yoast-schema-graph\">{\"@context\":\"https:\/\/schema.org\",\"@graph\":[{\"@type\":\"WebPage\",\"@id\":\"https:\/\/mmvietnam.com\/en\/quality-control\/ho-so-tu-cong-bo-chat-luong-san-pham-en\/\",\"url\":\"https:\/\/mmvietnam.com\/en\/quality-control\/ho-so-tu-cong-bo-chat-luong-san-pham-en\/\",\"name\":\"H\u1ed3 s\u01a1 t\u1ef1 c\u00f4ng b\u1ed1 Ch\u1ea5t l\u01b0\u1ee3ng s\u1ea3n ph\u1ea9m en - MM Mega Market Vietnam\",\"isPartOf\":{\"@id\":\"https:\/\/mmvietnam.com\/#website\"},\"datePublished\":\"2022-11-16T09:40:58+00:00\",\"dateModified\":\"2024-09-18T08:18:26+00:00\",\"breadcrumb\":{\"@id\":\"https:\/\/mmvietnam.com\/en\/quality-control\/ho-so-tu-cong-bo-chat-luong-san-pham-en\/#breadcrumb\"},\"inLanguage\":\"en-US\",\"potentialAction\":[{\"@type\":\"ReadAction\",\"target\":[\"https:\/\/mmvietnam.com\/en\/quality-control\/ho-so-tu-cong-bo-chat-luong-san-pham-en\/\"]}]},{\"@type\":\"BreadcrumbList\",\"@id\":\"https:\/\/mmvietnam.com\/en\/quality-control\/ho-so-tu-cong-bo-chat-luong-san-pham-en\/#breadcrumb\",\"itemListElement\":[{\"@type\":\"ListItem\",\"position\":1,\"name\":\"Home\",\"item\":\"https:\/\/mmvietnam.com\/en\/\"},{\"@type\":\"ListItem\",\"position\":2,\"name\":\"Quality Control\",\"item\":\"https:\/\/mmvietnam.com\/en\/quality-control\/\"},{\"@type\":\"ListItem\",\"position\":3,\"name\":\"H\u1ed3 s\u01a1 t\u1ef1 c\u00f4ng b\u1ed1 Ch\u1ea5t l\u01b0\u1ee3ng s\u1ea3n ph\u1ea9m en\"}]},{\"@type\":\"WebSite\",\"@id\":\"https:\/\/mmvietnam.com\/#website\",\"url\":\"https:\/\/mmvietnam.com\/\",\"name\":\"MM Mega Market Vietnam\",\"description\":\"\",\"publisher\":{\"@id\":\"https:\/\/mmvietnam.com\/#organization\"},\"potentialAction\":[{\"@type\":\"SearchAction\",\"target\":{\"@type\":\"EntryPoint\",\"urlTemplate\":\"https:\/\/mmvietnam.com\/?s={search_term_string}\"},\"query-input\":\"required name=search_term_string\"}],\"inLanguage\":\"en-US\"},{\"@type\":\"Organization\",\"@id\":\"https:\/\/mmvietnam.com\/#organization\",\"name\":\"MM Mega Market\",\"url\":\"https:\/\/mmvietnam.com\/\",\"logo\":{\"@type\":\"ImageObject\",\"inLanguage\":\"en-US\",\"@id\":\"https:\/\/mmvietnam.com\/#\/schema\/logo\/image\/\",\"url\":\"http:\/\/172.26.11.184\/wp-content\/uploads\/2020\/12\/logo.png\",\"contentUrl\":\"http:\/\/172.26.11.184\/wp-content\/uploads\/2020\/12\/logo.png\",\"width\":300,\"height\":300,\"caption\":\"MM Mega Market\"},\"image\":{\"@id\":\"https:\/\/mmvietnam.com\/#\/schema\/logo\/image\/\"},\"sameAs\":[\"https:\/\/www.facebook.com\/MMMegaMarketVietnam\/\",\"https:\/\/www.instagram.com\/mmmegamarketvietnam\/\",\"https:\/\/www.linkedin.com\/company\/mm-mega-market-vietnam\/\",\"https:\/\/www.youtube.com\/channel\/UC3212AUOGNn6Hp5TIFL3djg\"]}]}<\/script>\n<!-- \/ Yoast SEO plugin. -->","yoast_head_json":{"title":"H\u1ed3 s\u01a1 t\u1ef1 c\u00f4ng b\u1ed1 Ch\u1ea5t l\u01b0\u1ee3ng s\u1ea3n ph\u1ea9m en - MM Mega Market Vietnam","robots":{"index":"index","follow":"follow","max-snippet":"max-snippet:-1","max-image-preview":"max-image-preview:large","max-video-preview":"max-video-preview:-1"},"canonical":"https:\/\/mmvietnam.com\/en\/quality-control\/ho-so-tu-cong-bo-chat-luong-san-pham-en\/","og_locale":"en_US","og_type":"article","og_title":"H\u1ed3 s\u01a1 t\u1ef1 c\u00f4ng b\u1ed1 Ch\u1ea5t l\u01b0\u1ee3ng s\u1ea3n ph\u1ea9m en - MM Mega Market Vietnam","og_description":"Access to content, information, and publication of products of MM Mega Market Vietnam Step 1: Access the link:\u00a0https:\/\/file.mmvietnam.com\/index.php\/s\/QLafnEGEiGKFqtW Step 2: The screen will display 1 of 2 contents, accessed according to the instructions below \u2013 Click Continue to this website (not recommended). \u2013 Or Details -&gt; Go on to the webpage (not recommended). Step 3: [&hellip;]","og_url":"https:\/\/mmvietnam.com\/en\/quality-control\/ho-so-tu-cong-bo-chat-luong-san-pham-en\/","og_site_name":"MM Mega Market Vietnam","article_publisher":"https:\/\/www.facebook.com\/MMMegaMarketVietnam\/","article_modified_time":"2024-09-18T08:18:26+00:00","twitter_card":"summary_large_image","twitter_misc":{"Est. reading time":"1 minute"},"schema":{"@context":"https:\/\/schema.org","@graph":[{"@type":"WebPage","@id":"https:\/\/mmvietnam.com\/en\/quality-control\/ho-so-tu-cong-bo-chat-luong-san-pham-en\/","url":"https:\/\/mmvietnam.com\/en\/quality-control\/ho-so-tu-cong-bo-chat-luong-san-pham-en\/","name":"H\u1ed3 s\u01a1 t\u1ef1 c\u00f4ng b\u1ed1 Ch\u1ea5t l\u01b0\u1ee3ng s\u1ea3n ph\u1ea9m en - MM Mega Market Vietnam","isPartOf":{"@id":"https:\/\/mmvietnam.com\/#website"},"datePublished":"2022-11-16T09:40:58+00:00","dateModified":"2024-09-18T08:18:26+00:00","breadcrumb":{"@id":"https:\/\/mmvietnam.com\/en\/quality-control\/ho-so-tu-cong-bo-chat-luong-san-pham-en\/#breadcrumb"},"inLanguage":"en-US","potentialAction":[{"@type":"ReadAction","target":["https:\/\/mmvietnam.com\/en\/quality-control\/ho-so-tu-cong-bo-chat-luong-san-pham-en\/"]}]},{"@type":"BreadcrumbList","@id":"https:\/\/mmvietnam.com\/en\/quality-control\/ho-so-tu-cong-bo-chat-luong-san-pham-en\/#breadcrumb","itemListElement":[{"@type":"ListItem","position":1,"name":"Home","item":"https:\/\/mmvietnam.com\/en\/"},{"@type":"ListItem","position":2,"name":"Quality Control","item":"https:\/\/mmvietnam.com\/en\/quality-control\/"},{"@type":"ListItem","position":3,"name":"H\u1ed3 s\u01a1 t\u1ef1 c\u00f4ng b\u1ed1 Ch\u1ea5t l\u01b0\u1ee3ng s\u1ea3n ph\u1ea9m en"}]},{"@type":"WebSite","@id":"https:\/\/mmvietnam.com\/#website","url":"https:\/\/mmvietnam.com\/","name":"MM Mega Market Vietnam","description":"","publisher":{"@id":"https:\/\/mmvietnam.com\/#organization"},"potentialAction":[{"@type":"SearchAction","target":{"@type":"EntryPoint","urlTemplate":"https:\/\/mmvietnam.com\/?s={search_term_string}"},"query-input":"required name=search_term_string"}],"inLanguage":"en-US"},{"@type":"Organization","@id":"https:\/\/mmvietnam.com\/#organization","name":"MM Mega Market","url":"https:\/\/mmvietnam.com\/","logo":{"@type":"ImageObject","inLanguage":"en-US","@id":"https:\/\/mmvietnam.com\/#\/schema\/logo\/image\/","url":"http:\/\/172.26.11.184\/wp-content\/uploads\/2020\/12\/logo.png","contentUrl":"http:\/\/172.26.11.184\/wp-content\/uploads\/2020\/12\/logo.png","width":300,"height":300,"caption":"MM Mega Market"},"image":{"@id":"https:\/\/mmvietnam.com\/#\/schema\/logo\/image\/"},"sameAs":["https:\/\/www.facebook.com\/MMMegaMarketVietnam\/","https:\/\/www.instagram.com\/mmmegamarketvietnam\/","https:\/\/www.linkedin.com\/company\/mm-mega-market-vietnam\/","https:\/\/www.youtube.com\/channel\/UC3212AUOGNn6Hp5TIFL3djg"]}]}},"_links":{"self":[{"href":"https:\/\/mmvietnam.com\/en\/wp-json\/wp\/v2\/pages\/34911"}],"collection":[{"href":"https:\/\/mmvietnam.com\/en\/wp-json\/wp\/v2\/pages"}],"about":[{"href":"https:\/\/mmvietnam.com\/en\/wp-json\/wp\/v2\/types\/page"}],"author":[{"embeddable":true,"href":"https:\/\/mmvietnam.com\/en\/wp-json\/wp\/v2\/users\/1"}],"replies":[{"embeddable":true,"href":"https:\/\/mmvietnam.com\/en\/wp-json\/wp\/v2\/comments?post=34911"}],"version-history":[{"count":0,"href":"https:\/\/mmvietnam.com\/en\/wp-json\/wp\/v2\/pages\/34911\/revisions"}],"up":[{"embeddable":true,"href":"https:\/\/mmvietnam.com\/en\/wp-json\/wp\/v2\/pages\/16716"}],"wp:attachment":[{"href":"https:\/\/mmvietnam.com\/en\/wp-json\/wp\/v2\/media?parent=34911"}],"wp:term":[{"taxonomy":"category","embeddable":true,"href":"https:\/\/mmvietnam.com\/en\/wp-json\/wp\/v2\/categories?post=34911"},{"taxonomy":"post_tag","embeddable":true,"href":"https:\/\/mmvietnam.com\/en\/wp-json\/wp\/v2\/tags?post=34911"}],"curies":[{"name":"wp","href":"https:\/\/api.w.org\/{rel}","templated":true}]}}