{"id":34898,"date":"2022-11-16T16:36:31","date_gmt":"2022-11-16T09:36:31","guid":{"rendered":"https:\/\/mmvietnam.com\/?page_id=34898"},"modified":"2022-12-09T09:13:16","modified_gmt":"2022-12-09T02:13:16","slug":"traceability","status":"publish","type":"page","link":"https:\/\/mmvietnam.com\/en\/quality-control\/traceability\/","title":{"rendered":"Traceability"},"content":{"rendered":"\t\t<div data-elementor-type=\"wp-page\" data-elementor-id=\"34898\" class=\"elementor elementor-34898 elementor-34858\">\n\t\t\t\t\t\t<section class=\"elementor-section elementor-top-section elementor-element elementor-element-df46471 qodef-elementor-content-grid quality-section elementor-section-boxed elementor-section-height-default elementor-section-height-default\" data-id=\"df46471\" data-element_type=\"section\">\n\t\t\t\t\t\t<div class=\"elementor-container elementor-column-gap-default\">\n\t\t\t\t\t<div class=\"elementor-column elementor-col-50 elementor-top-column elementor-element elementor-element-381e78f column-product-category-product\" data-id=\"381e78f\" data-element_type=\"column\">\n\t\t\t<div class=\"elementor-widget-wrap elementor-element-populated\">\n\t\t\t\t\t\t<div class=\"elementor-element elementor-element-80d492c elementor-widget elementor-widget-wp-widget-nav_menu\" data-id=\"80d492c\" data-element_type=\"widget\" data-widget_type=\"wp-widget-nav_menu.default\">\n\t\t\t\t<div class=\"elementor-widget-container\">\n\t\t\t<h5>QUALITY CONTROL SYSTEM IN MMVN<\/h5><div class=\"menu-left-menu-trang-qlct-english-container\"><ul id=\"menu-left-menu-trang-qlct-english\" class=\"menu\"><li id=\"menu-item-34892\" class=\"menu-item menu-item-type-post_type menu-item-object-page menu-item-34892\"><a href=\"https:\/\/mmvietnam.com\/en\/quality-control\/quality-control-at-mmvns-sourcing-platform\/\">Quality Management at MMVN\u2019s Sourcing Platform \u2013 HACCP<\/a><\/li>\n<li id=\"menu-item-34897\" class=\"menu-item menu-item-type-post_type menu-item-object-page menu-item-34897\"><a href=\"https:\/\/mmvietnam.com\/en\/quality-control\/quality-control-on-the-farm\/\">Quality Management on The Farm &#8211; VietGAP<\/a><\/li>\n<li id=\"menu-item-34906\" class=\"menu-item menu-item-type-post_type menu-item-object-page menu-item-34906\"><a href=\"https:\/\/mmvietnam.com\/en\/quality-control\/traceability\/\">Traceability &#8211; QR Code<\/a><\/li>\n<li id=\"menu-item-34915\" class=\"menu-item menu-item-type-post_type menu-item-object-page menu-item-34915\"><a href=\"https:\/\/mmvietnam.com\/en\/quality-control\/chuyen-de-an-toan-thuc-pham-en\/\">Food safety topics<\/a><\/li>\n<li id=\"menu-item-34916\" class=\"menu-item menu-item-type-post_type menu-item-object-page menu-item-34916\"><a href=\"https:\/\/mmvietnam.com\/en\/quality-control\/ho-so-tu-cong-bo-chat-luong-san-pham-en\/\">Dossier self-declared Product quality<\/a><\/li>\n<\/ul><\/div>\t\t<\/div>\n\t\t\t\t<\/div>\n\t\t\t\t\t<\/div>\n\t\t<\/div>\n\t\t\t\t<div class=\"elementor-column elementor-col-50 elementor-top-column elementor-element elementor-element-c14abef column-product-height-light-product\" data-id=\"c14abef\" data-element_type=\"column\">\n\t\t\t<div class=\"elementor-widget-wrap elementor-element-populated\">\n\t\t\t\t\t\t<div class=\"elementor-element elementor-element-a509bdc elementor-widget elementor-widget-stal_core_section_title\" data-id=\"a509bdc\" data-element_type=\"widget\" data-widget_type=\"stal_core_section_title.default\">\n\t\t\t\t<div class=\"elementor-widget-container\">\n\t\t\t<div class=\"qodef-shortcode qodef-m  qodef-section-title qodef-alignment--left  \">\n\t\t<div class=\"qodef-m-title-wrap\">\n\t\t<h2 class=\"qodef-m-title\" >\n\t\t\t\t\tTraceability - QR Code\t\t\t<\/h2>\n\t\n\t<\/div>\n\t<\/div>\t\t<\/div>\n\t\t\t\t<\/div>\n\t\t\t\t<div class=\"elementor-element elementor-element-b69b8f5 elementor-widget elementor-widget-stal_core_section_title\" data-id=\"b69b8f5\" data-element_type=\"widget\" data-widget_type=\"stal_core_section_title.default\">\n\t\t\t\t<div class=\"elementor-widget-container\">\n\t\t\t<div class=\"qodef-shortcode qodef-m  qodef-section-title qodef-alignment--left  \">\n\t\t<\/div>\t\t<\/div>\n\t\t\t\t<\/div>\n\t\t\t\t<div class=\"elementor-element elementor-element-1830d02 vegetable-slider-custom-product-page elementor-widget elementor-widget-ra-carousel\" data-id=\"1830d02\" data-element_type=\"widget\" id=\"product-custom\" data-widget_type=\"ra-carousel.default\">\n\t\t\t\t<div class=\"elementor-widget-container\">\n\t\t\t<div class=\"qodef-shortcode qodef-m  qodef-team-list qodef-item-layout--info-on-hover qodef-grid qodef-swiper-container  qodef-gutter--normal qodef-col-num--3 qodef-item-layout--info-on-hover qodef--no-bottom-space qodef-pagination--off qodef-responsive--predefined\" data-options=\"{&quot;slidesPerView&quot;:3,&quot;spaceBetween&quot;:15,&quot;loop&quot;:false,&quot;autoplay&quot;:true,&quot;speed&quot;:&quot;&quot;,&quot;speedAnimation&quot;:&quot;&quot;}\">\n\n    <div class=\"swiper-wrapper\">\n\n                    <div class=\"qodef-e swiper-slide team type-team status-publish has-post-thumbnail hentry \">\n                <div class=\"qodef-e-inner position-default\">\n                    <div class=\"qodef-e-image\">\n\n                        <div class=\"qodef-e-media-image\">\n                            <a itemprop=\"url\" href=\"\" target=\"_self\">\n                                                            <\/a>\n                        <\/div>\n\n                        \n                    <\/div>\n                                            <div class=\"qodef-e-content\">\n                            <h6 class=\"qodef-e-role\"><a itemprop=\"url\" class=\"qodef-e-category\" href=\"\" target=\"_self\"><\/a><\/h6>\n                            <h4 itemprop=\"name\" class=\"qodef-e-title entry-title\"><a itemprop=\"url\" class=\"qodef-e-title-link\" href=\"\" target=\"_self\"><\/a><\/h4>\n                        <\/div>\n                                    <\/div>\n            <\/div>\n        \n    <\/div>\n\n    <div class=\"swiper-button-next\"><\/div>\n    <div class=\"swiper-button-prev\"><\/div>\n\n<\/div>\t\t<\/div>\n\t\t\t\t<\/div>\n\t\t\t\t\t<\/div>\n\t\t<\/div>\n\t\t\t\t\t<\/div>\n\t\t<\/section>\n\t\t\t\t<section class=\"elementor-section elementor-top-section elementor-element elementor-element-a988984 elementor-section-full_width elementor-section-stretched product-business-registration-section qodef-elementor-content-grid elementor-section-height-default elementor-section-height-default\" data-id=\"a988984\" data-element_type=\"section\" data-settings=\"{&quot;stretch_section&quot;:&quot;section-stretched&quot;}\">\n\t\t\t\t\t\t\t<div class=\"elementor-background-overlay\"><\/div>\n\t\t\t\t\t\t\t<div class=\"elementor-container elementor-column-gap-default\">\n\t\t\t\t\t<div class=\"elementor-column elementor-col-100 elementor-top-column elementor-element elementor-element-42d278f custom-subscribe-hor\" data-id=\"42d278f\" data-element_type=\"column\">\n\t\t\t<div class=\"elementor-widget-wrap elementor-element-populated\">\n\t\t\t\t\t\t<div class=\"elementor-element elementor-element-e328a81 elementor-widget__width-auto elementor-widget elementor-widget-wp-widget-text\" data-id=\"e328a81\" data-element_type=\"widget\" id=\"title-dang-ky-section\" data-widget_type=\"wp-widget-text.default\">\n\t\t\t\t<div class=\"elementor-widget-container\">\n\t\t\t<h5>Tr\u1edf th\u00e0nh kh\u00e1ch h\u00e0ng c\u1ee7a MM Mega Market ngay h\u00f4m nay!<\/h5>\t\t\t<div class=\"textwidget\"><\/div>\n\t\t\t\t<\/div>\n\t\t\t\t<\/div>\n\t\t\t\t<div class=\"elementor-element elementor-element-d55820e elementor-widget__width-auto registration-button elementor-widget elementor-widget-stal_core_button\" data-id=\"d55820e\" data-element_type=\"widget\" data-settings=\"{&quot;_animation&quot;:&quot;none&quot;}\" data-widget_type=\"stal_core_button.default\">\n\t\t\t\t<div class=\"elementor-widget-container\">\n\t\t\t<a class=\"qodef-shortcode qodef-m vegetable-product-page-business-customer qodef-button qodef-layout--splitted  qodef-html--link\" href=\"\/khach-hang-doanh-nghiep\" target=\"_self\"  >\n    <span class=\"qodef-m-text\">\n        \u0110\u0103ng k\u00fd        <svg class=\"qodef-m-arrowline\" xmlns=\"http:\/\/www.w3.org\/2000\/svg\" xmlns:xlink=\"http:\/\/www.w3.org\/1999\/xlink\" x=\"0px\" y=\"0px\" viewBox=\"0 0 63 20\" xml:space=\"preserve\">\n                            <line x1=\"61.6\" y1=\"10\" x2=\"61.6\" y2=\"10\"\/>\n                            <line x1=\"62\" y1=\"10\" x2=\"61.6\" y2=\"10\"\/>\n                            <line x1=\"61.6\" y1=\"10\" x2=\"1\" y2=\"10\"\/>\n                            <path d=\"M61.6,10\"\/>\n                            <line x1=\"61.6\" y1=\"10\" x2=\"61.6\" y2=\"10\"\/>\n                            <line class=\"arrow-up\" x1=\"56.7\" y1=\"5.1\" x2=\"61.6\" y2=\"10\"\/>\n                            <path d=\"M61.6,10\"\/>\n                            <line x1=\"61.6\" y1=\"10\" x2=\"61.6\" y2=\"10\"\/>\n                            <line class=\"arrow-down\" x1=\"61.6\" y1=\"10\" x2=\"56.7\" y2=\"14.9\"\/>\n                        <\/svg>    <\/span>\n    <span class=\"qodef-m-split qodef-split--up\"><\/span>\n    <span class=\"qodef-m-split qodef-split--down\"><\/span>\n<\/a>\n\t\t<\/div>\n\t\t\t\t<\/div>\n\t\t\t\t\t<\/div>\n\t\t<\/div>\n\t\t\t\t\t<\/div>\n\t\t<\/section>\n\t\t\t\t<\/div>\n\t\t","protected":false},"excerpt":{"rendered":"<p>Traceability &#8211; QR Code \u00a0 \u0110\u0103ng k\u00fd &nbsp;<\/p>\n","protected":false},"author":1,"featured_media":0,"parent":16716,"menu_order":0,"comment_status":"closed","ping_status":"closed","template":"","meta":{"footnotes":""},"categories":[],"tags":[],"class_list":["post-34898","page","type-page","status-publish","hentry"],"yoast_head":"<!-- This site is optimized with the Yoast SEO plugin v23.3 - https:\/\/yoast.com\/wordpress\/plugins\/seo\/ -->\n<title>Traceability - MM Mega Market Vietnam<\/title>\n<meta name=\"robots\" content=\"index, follow, max-snippet:-1, max-image-preview:large, max-video-preview:-1\" \/>\n<link rel=\"canonical\" href=\"https:\/\/mmvietnam.com\/en\/quality-control\/traceability\/\" \/>\n<meta property=\"og:locale\" content=\"en_US\" \/>\n<meta property=\"og:type\" content=\"article\" \/>\n<meta property=\"og:title\" content=\"Traceability - MM Mega Market Vietnam\" \/>\n<meta property=\"og:description\" content=\"Traceability &#8211; QR Code \u00a0 \u0110\u0103ng k\u00fd &nbsp;\" \/>\n<meta property=\"og:url\" content=\"https:\/\/mmvietnam.com\/en\/quality-control\/traceability\/\" \/>\n<meta property=\"og:site_name\" content=\"MM Mega Market Vietnam\" \/>\n<meta property=\"article:publisher\" content=\"https:\/\/www.facebook.com\/MMMegaMarketVietnam\/\" \/>\n<meta property=\"article:modified_time\" content=\"2022-12-09T02:13:16+00:00\" \/>\n<meta name=\"twitter:card\" content=\"summary_large_image\" \/>\n<meta name=\"twitter:label1\" content=\"Est. reading time\" \/>\n\t<meta name=\"twitter:data1\" content=\"1 minute\" \/>\n<script type=\"application\/ld+json\" class=\"yoast-schema-graph\">{\"@context\":\"https:\/\/schema.org\",\"@graph\":[{\"@type\":\"WebPage\",\"@id\":\"https:\/\/mmvietnam.com\/en\/quality-control\/traceability\/\",\"url\":\"https:\/\/mmvietnam.com\/en\/quality-control\/traceability\/\",\"name\":\"Traceability - MM Mega Market Vietnam\",\"isPartOf\":{\"@id\":\"https:\/\/mmvietnam.com\/#website\"},\"datePublished\":\"2022-11-16T09:36:31+00:00\",\"dateModified\":\"2022-12-09T02:13:16+00:00\",\"breadcrumb\":{\"@id\":\"https:\/\/mmvietnam.com\/en\/quality-control\/traceability\/#breadcrumb\"},\"inLanguage\":\"en-US\",\"potentialAction\":[{\"@type\":\"ReadAction\",\"target\":[\"https:\/\/mmvietnam.com\/en\/quality-control\/traceability\/\"]}]},{\"@type\":\"BreadcrumbList\",\"@id\":\"https:\/\/mmvietnam.com\/en\/quality-control\/traceability\/#breadcrumb\",\"itemListElement\":[{\"@type\":\"ListItem\",\"position\":1,\"name\":\"Home\",\"item\":\"https:\/\/mmvietnam.com\/en\/\"},{\"@type\":\"ListItem\",\"position\":2,\"name\":\"Quality Control\",\"item\":\"https:\/\/mmvietnam.com\/en\/quality-control\/\"},{\"@type\":\"ListItem\",\"position\":3,\"name\":\"Traceability\"}]},{\"@type\":\"WebSite\",\"@id\":\"https:\/\/mmvietnam.com\/#website\",\"url\":\"https:\/\/mmvietnam.com\/\",\"name\":\"MM Mega Market Vietnam\",\"description\":\"\",\"publisher\":{\"@id\":\"https:\/\/mmvietnam.com\/#organization\"},\"potentialAction\":[{\"@type\":\"SearchAction\",\"target\":{\"@type\":\"EntryPoint\",\"urlTemplate\":\"https:\/\/mmvietnam.com\/?s={search_term_string}\"},\"query-input\":\"required name=search_term_string\"}],\"inLanguage\":\"en-US\"},{\"@type\":\"Organization\",\"@id\":\"https:\/\/mmvietnam.com\/#organization\",\"name\":\"MM Mega Market\",\"url\":\"https:\/\/mmvietnam.com\/\",\"logo\":{\"@type\":\"ImageObject\",\"inLanguage\":\"en-US\",\"@id\":\"https:\/\/mmvietnam.com\/#\/schema\/logo\/image\/\",\"url\":\"http:\/\/172.26.11.184\/wp-content\/uploads\/2020\/12\/logo.png\",\"contentUrl\":\"http:\/\/172.26.11.184\/wp-content\/uploads\/2020\/12\/logo.png\",\"width\":300,\"height\":300,\"caption\":\"MM Mega Market\"},\"image\":{\"@id\":\"https:\/\/mmvietnam.com\/#\/schema\/logo\/image\/\"},\"sameAs\":[\"https:\/\/www.facebook.com\/MMMegaMarketVietnam\/\",\"https:\/\/www.instagram.com\/mmmegamarketvietnam\/\",\"https:\/\/www.linkedin.com\/company\/mm-mega-market-vietnam\/\",\"https:\/\/www.youtube.com\/channel\/UC3212AUOGNn6Hp5TIFL3djg\"]}]}<\/script>\n<!-- \/ Yoast SEO plugin. -->","yoast_head_json":{"title":"Traceability - MM Mega Market Vietnam","robots":{"index":"index","follow":"follow","max-snippet":"max-snippet:-1","max-image-preview":"max-image-preview:large","max-video-preview":"max-video-preview:-1"},"canonical":"https:\/\/mmvietnam.com\/en\/quality-control\/traceability\/","og_locale":"en_US","og_type":"article","og_title":"Traceability - MM Mega Market Vietnam","og_description":"Traceability &#8211; QR Code \u00a0 \u0110\u0103ng k\u00fd &nbsp;","og_url":"https:\/\/mmvietnam.com\/en\/quality-control\/traceability\/","og_site_name":"MM Mega Market Vietnam","article_publisher":"https:\/\/www.facebook.com\/MMMegaMarketVietnam\/","article_modified_time":"2022-12-09T02:13:16+00:00","twitter_card":"summary_large_image","twitter_misc":{"Est. reading time":"1 minute"},"schema":{"@context":"https:\/\/schema.org","@graph":[{"@type":"WebPage","@id":"https:\/\/mmvietnam.com\/en\/quality-control\/traceability\/","url":"https:\/\/mmvietnam.com\/en\/quality-control\/traceability\/","name":"Traceability - MM Mega Market Vietnam","isPartOf":{"@id":"https:\/\/mmvietnam.com\/#website"},"datePublished":"2022-11-16T09:36:31+00:00","dateModified":"2022-12-09T02:13:16+00:00","breadcrumb":{"@id":"https:\/\/mmvietnam.com\/en\/quality-control\/traceability\/#breadcrumb"},"inLanguage":"en-US","potentialAction":[{"@type":"ReadAction","target":["https:\/\/mmvietnam.com\/en\/quality-control\/traceability\/"]}]},{"@type":"BreadcrumbList","@id":"https:\/\/mmvietnam.com\/en\/quality-control\/traceability\/#breadcrumb","itemListElement":[{"@type":"ListItem","position":1,"name":"Home","item":"https:\/\/mmvietnam.com\/en\/"},{"@type":"ListItem","position":2,"name":"Quality Control","item":"https:\/\/mmvietnam.com\/en\/quality-control\/"},{"@type":"ListItem","position":3,"name":"Traceability"}]},{"@type":"WebSite","@id":"https:\/\/mmvietnam.com\/#website","url":"https:\/\/mmvietnam.com\/","name":"MM Mega Market Vietnam","description":"","publisher":{"@id":"https:\/\/mmvietnam.com\/#organization"},"potentialAction":[{"@type":"SearchAction","target":{"@type":"EntryPoint","urlTemplate":"https:\/\/mmvietnam.com\/?s={search_term_string}"},"query-input":"required name=search_term_string"}],"inLanguage":"en-US"},{"@type":"Organization","@id":"https:\/\/mmvietnam.com\/#organization","name":"MM Mega Market","url":"https:\/\/mmvietnam.com\/","logo":{"@type":"ImageObject","inLanguage":"en-US","@id":"https:\/\/mmvietnam.com\/#\/schema\/logo\/image\/","url":"http:\/\/172.26.11.184\/wp-content\/uploads\/2020\/12\/logo.png","contentUrl":"http:\/\/172.26.11.184\/wp-content\/uploads\/2020\/12\/logo.png","width":300,"height":300,"caption":"MM Mega Market"},"image":{"@id":"https:\/\/mmvietnam.com\/#\/schema\/logo\/image\/"},"sameAs":["https:\/\/www.facebook.com\/MMMegaMarketVietnam\/","https:\/\/www.instagram.com\/mmmegamarketvietnam\/","https:\/\/www.linkedin.com\/company\/mm-mega-market-vietnam\/","https:\/\/www.youtube.com\/channel\/UC3212AUOGNn6Hp5TIFL3djg"]}]}},"_links":{"self":[{"href":"https:\/\/mmvietnam.com\/en\/wp-json\/wp\/v2\/pages\/34898"}],"collection":[{"href":"https:\/\/mmvietnam.com\/en\/wp-json\/wp\/v2\/pages"}],"about":[{"href":"https:\/\/mmvietnam.com\/en\/wp-json\/wp\/v2\/types\/page"}],"author":[{"embeddable":true,"href":"https:\/\/mmvietnam.com\/en\/wp-json\/wp\/v2\/users\/1"}],"replies":[{"embeddable":true,"href":"https:\/\/mmvietnam.com\/en\/wp-json\/wp\/v2\/comments?post=34898"}],"version-history":[{"count":0,"href":"https:\/\/mmvietnam.com\/en\/wp-json\/wp\/v2\/pages\/34898\/revisions"}],"up":[{"embeddable":true,"href":"https:\/\/mmvietnam.com\/en\/wp-json\/wp\/v2\/pages\/16716"}],"wp:attachment":[{"href":"https:\/\/mmvietnam.com\/en\/wp-json\/wp\/v2\/media?parent=34898"}],"wp:term":[{"taxonomy":"category","embeddable":true,"href":"https:\/\/mmvietnam.com\/en\/wp-json\/wp\/v2\/categories?post=34898"},{"taxonomy":"post_tag","embeddable":true,"href":"https:\/\/mmvietnam.com\/en\/wp-json\/wp\/v2\/tags?post=34898"}],"curies":[{"name":"wp","href":"https:\/\/api.w.org\/{rel}","templated":true}]}}