{"id":16809,"date":"2020-12-28T14:38:29","date_gmt":"2020-12-28T07:38:29","guid":{"rendered":"https:\/\/mmvietnam.com\/an-pham-khuyen-mai\/"},"modified":"2024-12-30T17:41:02","modified_gmt":"2024-12-30T10:41:02","slug":"promotional-publication","status":"publish","type":"page","link":"https:\/\/mmvietnam.com\/en\/promotional-publication\/","title":{"rendered":"Promotional Publication"},"content":{"rendered":"\t\t<div data-elementor-type=\"wp-page\" data-elementor-id=\"16809\" class=\"elementor elementor-16809 elementor-9932\">\n\t\t\t\t\t\t<section class=\"elementor-section elementor-top-section elementor-element elementor-element-8cbb01a elementor-section-boxed elementor-section-height-default elementor-section-height-default qodef-elementor-content-no\" data-id=\"8cbb01a\" data-element_type=\"section\" id=\"custom-show-mobile\">\n\t\t\t\t\t\t<div class=\"elementor-container elementor-column-gap-default\">\n\t\t\t\t\t<div class=\"elementor-column elementor-col-100 elementor-top-column elementor-element elementor-element-6706627\" data-id=\"6706627\" data-element_type=\"column\">\n\t\t\t<div class=\"elementor-widget-wrap elementor-element-populated\">\n\t\t\t\t\t\t<div class=\"elementor-element elementor-element-133450e elementor-widget elementor-widget-stal_core_blog_list\" data-id=\"133450e\" data-element_type=\"widget\" data-widget_type=\"stal_core_blog_list.default\">\n\t\t\t\t<div class=\"elementor-widget-container\">\n\t\t\t<div class=\"qodef-shortcode qodef-m blog-list-promotion qodef-blog qodef-item-layout--compact qodef-grid qodef-layout--columns  qodef-gutter--normal qodef-col-num--3 qodef-item-layout--compact qodef--no-bottom-space qodef-pagination--off qodef-responsive--predefined\" data-options=\"{&quot;plugin&quot;:&quot;stal_core&quot;,&quot;module&quot;:&quot;blog\\\/shortcodes&quot;,&quot;shortcode&quot;:&quot;blog-list&quot;,&quot;post_type&quot;:&quot;post&quot;,&quot;next_page&quot;:&quot;2&quot;,&quot;max_pages_num&quot;:2,&quot;custom_class&quot;:&quot;blog-list-promotion&quot;,&quot;behavior&quot;:&quot;columns&quot;,&quot;images_proportion&quot;:&quot;full&quot;,&quot;columns&quot;:&quot;3&quot;,&quot;columns_responsive&quot;:&quot;predefined&quot;,&quot;columns_1440&quot;:&quot;3&quot;,&quot;columns_1366&quot;:&quot;3&quot;,&quot;columns_1024&quot;:&quot;3&quot;,&quot;columns_768&quot;:&quot;3&quot;,&quot;columns_680&quot;:&quot;3&quot;,&quot;columns_480&quot;:&quot;3&quot;,&quot;space&quot;:&quot;normal&quot;,&quot;posts_per_page&quot;:&quot;3&quot;,&quot;orderby&quot;:&quot;date&quot;,&quot;order&quot;:&quot;ASC&quot;,&quot;additional_params&quot;:&quot;tax&quot;,&quot;tax&quot;:&quot;category&quot;,&quot;tax_slug&quot;:&quot;an-pham-khuyen-mai&quot;,&quot;layout&quot;:&quot;compact&quot;,&quot;title_tag&quot;:&quot;h4&quot;,&quot;pagination_type&quot;:&quot;no-pagination&quot;,&quot;object_class_name&quot;:&quot;StalCoreBlogListShortcode&quot;,&quot;taxonomy_filter&quot;:&quot;category&quot;,&quot;additional_query_args&quot;:{&quot;tax_query&quot;:[{&quot;taxonomy&quot;:&quot;category&quot;,&quot;field&quot;:&quot;slug&quot;,&quot;terms&quot;:&quot;an-pham-khuyen-mai&quot;}]},&quot;space_value&quot;:15}\">\n\t\t<div class=\"qodef-grid-inner clear\">\n\t\t<article class=\"qodef-e qodef-grid-item qodef-item--full post-16942 post type-post status-publish format-standard has-post-thumbnail hentry category-promotional-publications\">\n\t<div class=\"qodef-e-inner\">\n\t\t<div class=\"qodef-e-media\">\n\t\t<div class=\"qodef-e-media-image\">\n\t\t<a itemprop=\"url\" href=\"https:\/\/mmvietnam.com\/en\/promotional-publications\/mien-nam-vung-1-2\/\">\n\t\t\t<img fetchpriority=\"high\" decoding=\"async\" width=\"1856\" height=\"2560\" src=\"https:\/\/mmvietnam.com\/wp-content\/uploads\/2024\/12\/1_CLUSTER-12-NAM_2-scaled.jpg\" class=\"attachment-full size-full wp-post-image\" alt=\"\" srcset=\"https:\/\/mmvietnam.com\/wp-content\/uploads\/2024\/12\/1_CLUSTER-12-NAM_2-scaled.jpg 1856w, https:\/\/mmvietnam.com\/wp-content\/uploads\/2024\/12\/1_CLUSTER-12-NAM_2-218x300.jpg 218w, https:\/\/mmvietnam.com\/wp-content\/uploads\/2024\/12\/1_CLUSTER-12-NAM_2-742x1024.jpg 742w, https:\/\/mmvietnam.com\/wp-content\/uploads\/2024\/12\/1_CLUSTER-12-NAM_2-768x1059.jpg 768w, https:\/\/mmvietnam.com\/wp-content\/uploads\/2024\/12\/1_CLUSTER-12-NAM_2-1114x1536.jpg 1114w, https:\/\/mmvietnam.com\/wp-content\/uploads\/2024\/12\/1_CLUSTER-12-NAM_2-1485x2048.jpg 1485w\" sizes=\"(max-width: 1856px) 100vw, 1856px\" \/>\t\t<\/a>\n\t<\/div>\n<\/div>\t\t<div class=\"qodef-e-content\">\n\t\t\t<div class=\"qodef-e-info qodef-info--top\">\n\t\t\t\t<div itemprop=\"dateCreated\" class=\"qodef-e-info-item qodef-e-info-date entry-date \">\n\t<a itemprop=\"url\" href=\"https:\/\/mmvietnam.com\/en\/2022\/04\/\">30\/12\/2024<\/a>\n\t<meta itemprop=\"interactionCount\" content=\"UserComments: 0\"\/>\n<\/div>\t\t\t<\/div>\n\t\t\t<div class=\"qodef-e-text\">\n\t\t\t\t<h4 itemprop=\"name\" class=\"qodef-e-title entry-title\">\n\t\t\t<a itemprop=\"url\" class=\"qodef-e-title-link\" href=\"https:\/\/mmvietnam.com\/en\/promotional-publications\/mien-nam-vung-1-2\/\">\n\t\t\tMi\u1ec1n Nam, H\u1ed3 Ch\u00ed Minh, H\u01b0ng L\u1ee3i, \u0110\u00e0 N\u1eb5ng, Bu\u00f4n Ma Thu\u1ed9t\t\t\t<\/a>\n\t<\/h4>\t\t\t<\/div>\n\t\t\t<div class=\"qodef-e-info qodef-info--bottom\">\n\t\t\t\t<div class=\"qodef-e-info-left\">\n\t\t\t\t\t\t<div class=\"qodef-e-read-more\">\n\t\t<a class=\"qodef-shortcode qodef-m  qodef-button qodef-layout--textual qodef-size--small qodef-html--link\" href=\"https:\/\/mmvietnam.com\/en\/promotional-publications\/mien-nam-vung-1-2\/\" target=\"_self\"  >\t<span class=\"qodef-m-text\">        Read More        <svg class=\"qodef-m-arrowline\" xmlns=\"http:\/\/www.w3.org\/2000\/svg\" xmlns:xlink=\"http:\/\/www.w3.org\/1999\/xlink\" x=\"0px\" y=\"0px\" viewBox=\"0 0 63 20\" xml:space=\"preserve\">                            <line x1=\"61.6\" y1=\"10\" x2=\"61.6\" y2=\"10\"\/>                            <line x1=\"62\" y1=\"10\" x2=\"61.6\" y2=\"10\"\/>                            <line x1=\"61.6\" y1=\"10\" x2=\"1\" y2=\"10\"\/>                            <path d=\"M61.6,10\"\/>                            <line x1=\"61.6\" y1=\"10\" x2=\"61.6\" y2=\"10\"\/>                            <line class=\"arrow-up\" x1=\"56.7\" y1=\"5.1\" x2=\"61.6\" y2=\"10\"\/>                            <path d=\"M61.6,10\"\/>                            <line x1=\"61.6\" y1=\"10\" x2=\"61.6\" y2=\"10\"\/>                            <line class=\"arrow-down\" x1=\"61.6\" y1=\"10\" x2=\"56.7\" y2=\"14.9\"\/>                        <\/svg>    <\/span><\/a>\t<\/div>\n\t\t\t\t<\/div>\n\t\t\t<\/div>\n\t\t<\/div>\n\t<\/div>\n<\/article><article class=\"qodef-e qodef-grid-item qodef-item--full post-16943 post type-post status-publish format-standard has-post-thumbnail hentry category-promotional-publications\">\n\t<div class=\"qodef-e-inner\">\n\t\t<div class=\"qodef-e-media\">\n\t\t<div class=\"qodef-e-media-image\">\n\t\t<a itemprop=\"url\" href=\"https:\/\/mmvietnam.com\/en\/promotional-publications\/mien-nam-vung-3\/\">\n\t\t\t<img decoding=\"async\" width=\"1856\" height=\"2560\" src=\"https:\/\/mmvietnam.com\/wp-content\/uploads\/2024\/12\/1_CLUSTER-3_3-scaled.jpg\" class=\"attachment-full size-full wp-post-image\" alt=\"\" srcset=\"https:\/\/mmvietnam.com\/wp-content\/uploads\/2024\/12\/1_CLUSTER-3_3-scaled.jpg 1856w, https:\/\/mmvietnam.com\/wp-content\/uploads\/2024\/12\/1_CLUSTER-3_3-218x300.jpg 218w, https:\/\/mmvietnam.com\/wp-content\/uploads\/2024\/12\/1_CLUSTER-3_3-742x1024.jpg 742w, https:\/\/mmvietnam.com\/wp-content\/uploads\/2024\/12\/1_CLUSTER-3_3-768x1059.jpg 768w, https:\/\/mmvietnam.com\/wp-content\/uploads\/2024\/12\/1_CLUSTER-3_3-1114x1536.jpg 1114w, https:\/\/mmvietnam.com\/wp-content\/uploads\/2024\/12\/1_CLUSTER-3_3-1485x2048.jpg 1485w\" sizes=\"(max-width: 1856px) 100vw, 1856px\" \/>\t\t<\/a>\n\t<\/div>\n<\/div>\t\t<div class=\"qodef-e-content\">\n\t\t\t<div class=\"qodef-e-info qodef-info--top\">\n\t\t\t\t<div itemprop=\"dateCreated\" class=\"qodef-e-info-item qodef-e-info-date entry-date \">\n\t<a itemprop=\"url\" href=\"https:\/\/mmvietnam.com\/en\/2022\/04\/\">30\/12\/2024<\/a>\n\t<meta itemprop=\"interactionCount\" content=\"UserComments: 0\"\/>\n<\/div>\t\t\t<\/div>\n\t\t\t<div class=\"qodef-e-text\">\n\t\t\t\t<h4 itemprop=\"name\" class=\"qodef-e-title entry-title\">\n\t\t\t<a itemprop=\"url\" class=\"qodef-e-title-link\" href=\"https:\/\/mmvietnam.com\/en\/promotional-publications\/mien-nam-vung-3\/\">\n\t\t\tNha Trang, V\u0169ng T\u00e0u\t\t\t<\/a>\n\t<\/h4>\t\t\t<\/div>\n\t\t\t<div class=\"qodef-e-info qodef-info--bottom\">\n\t\t\t\t<div class=\"qodef-e-info-left\">\n\t\t\t\t\t\t<div class=\"qodef-e-read-more\">\n\t\t<a class=\"qodef-shortcode qodef-m  qodef-button qodef-layout--textual qodef-size--small qodef-html--link\" href=\"https:\/\/mmvietnam.com\/en\/promotional-publications\/mien-nam-vung-3\/\" target=\"_self\"  >\t<span class=\"qodef-m-text\">        Read More        <svg class=\"qodef-m-arrowline\" xmlns=\"http:\/\/www.w3.org\/2000\/svg\" xmlns:xlink=\"http:\/\/www.w3.org\/1999\/xlink\" x=\"0px\" y=\"0px\" viewBox=\"0 0 63 20\" xml:space=\"preserve\">                            <line x1=\"61.6\" y1=\"10\" x2=\"61.6\" y2=\"10\"\/>                            <line x1=\"62\" y1=\"10\" x2=\"61.6\" y2=\"10\"\/>                            <line x1=\"61.6\" y1=\"10\" x2=\"1\" y2=\"10\"\/>                            <path d=\"M61.6,10\"\/>                            <line x1=\"61.6\" y1=\"10\" x2=\"61.6\" y2=\"10\"\/>                            <line class=\"arrow-up\" x1=\"56.7\" y1=\"5.1\" x2=\"61.6\" y2=\"10\"\/>                            <path d=\"M61.6,10\"\/>                            <line x1=\"61.6\" y1=\"10\" x2=\"61.6\" y2=\"10\"\/>                            <line class=\"arrow-down\" x1=\"61.6\" y1=\"10\" x2=\"56.7\" y2=\"14.9\"\/>                        <\/svg>    <\/span><\/a>\t<\/div>\n\t\t\t\t<\/div>\n\t\t\t<\/div>\n\t\t<\/div>\n\t<\/div>\n<\/article><article class=\"qodef-e qodef-grid-item qodef-item--full post-16941 post type-post status-publish format-standard has-post-thumbnail hentry category-promotional-publications\">\n\t<div class=\"qodef-e-inner\">\n\t\t<div class=\"qodef-e-media\">\n\t\t<div class=\"qodef-e-media-image\">\n\t\t<a itemprop=\"url\" href=\"https:\/\/mmvietnam.com\/en\/promotional-publications\/mien-bac-vung-1-2-3\/\">\n\t\t\t<img decoding=\"async\" width=\"1856\" height=\"2560\" src=\"https:\/\/mmvietnam.com\/wp-content\/uploads\/2024\/12\/1_CLUSTER-12-BAC_2-scaled.jpg\" class=\"attachment-full size-full wp-post-image\" alt=\"\" srcset=\"https:\/\/mmvietnam.com\/wp-content\/uploads\/2024\/12\/1_CLUSTER-12-BAC_2-scaled.jpg 1856w, https:\/\/mmvietnam.com\/wp-content\/uploads\/2024\/12\/1_CLUSTER-12-BAC_2-218x300.jpg 218w, https:\/\/mmvietnam.com\/wp-content\/uploads\/2024\/12\/1_CLUSTER-12-BAC_2-742x1024.jpg 742w, https:\/\/mmvietnam.com\/wp-content\/uploads\/2024\/12\/1_CLUSTER-12-BAC_2-768x1059.jpg 768w, https:\/\/mmvietnam.com\/wp-content\/uploads\/2024\/12\/1_CLUSTER-12-BAC_2-1114x1536.jpg 1114w, https:\/\/mmvietnam.com\/wp-content\/uploads\/2024\/12\/1_CLUSTER-12-BAC_2-1485x2048.jpg 1485w\" sizes=\"(max-width: 1856px) 100vw, 1856px\" \/>\t\t<\/a>\n\t<\/div>\n<\/div>\t\t<div class=\"qodef-e-content\">\n\t\t\t<div class=\"qodef-e-info qodef-info--top\">\n\t\t\t\t<div itemprop=\"dateCreated\" class=\"qodef-e-info-item qodef-e-info-date entry-date \">\n\t<a itemprop=\"url\" href=\"https:\/\/mmvietnam.com\/en\/2022\/04\/\">30\/12\/2024<\/a>\n\t<meta itemprop=\"interactionCount\" content=\"UserComments: 0\"\/>\n<\/div>\t\t\t<\/div>\n\t\t\t<div class=\"qodef-e-text\">\n\t\t\t\t<h4 itemprop=\"name\" class=\"qodef-e-title entry-title\">\n\t\t\t<a itemprop=\"url\" class=\"qodef-e-title-link\" href=\"https:\/\/mmvietnam.com\/en\/promotional-publications\/mien-bac-vung-1-2-3\/\">\n\t\t\tH\u00e0 N\u1ed9i, H\u1ea3i Ph\u00f2ng, H\u1ea1 Long\t\t\t<\/a>\n\t<\/h4>\t\t\t<\/div>\n\t\t\t<div class=\"qodef-e-info qodef-info--bottom\">\n\t\t\t\t<div class=\"qodef-e-info-left\">\n\t\t\t\t\t\t<div class=\"qodef-e-read-more\">\n\t\t<a class=\"qodef-shortcode qodef-m  qodef-button qodef-layout--textual qodef-size--small qodef-html--link\" href=\"https:\/\/mmvietnam.com\/en\/promotional-publications\/mien-bac-vung-1-2-3\/\" target=\"_self\"  >\t<span class=\"qodef-m-text\">        Read More        <svg class=\"qodef-m-arrowline\" xmlns=\"http:\/\/www.w3.org\/2000\/svg\" xmlns:xlink=\"http:\/\/www.w3.org\/1999\/xlink\" x=\"0px\" y=\"0px\" viewBox=\"0 0 63 20\" xml:space=\"preserve\">                            <line x1=\"61.6\" y1=\"10\" x2=\"61.6\" y2=\"10\"\/>                            <line x1=\"62\" y1=\"10\" x2=\"61.6\" y2=\"10\"\/>                            <line x1=\"61.6\" y1=\"10\" x2=\"1\" y2=\"10\"\/>                            <path d=\"M61.6,10\"\/>                            <line x1=\"61.6\" y1=\"10\" x2=\"61.6\" y2=\"10\"\/>                            <line class=\"arrow-up\" x1=\"56.7\" y1=\"5.1\" x2=\"61.6\" y2=\"10\"\/>                            <path d=\"M61.6,10\"\/>                            <line x1=\"61.6\" y1=\"10\" x2=\"61.6\" y2=\"10\"\/>                            <line class=\"arrow-down\" x1=\"61.6\" y1=\"10\" x2=\"56.7\" y2=\"14.9\"\/>                        <\/svg>    <\/span><\/a>\t<\/div>\n\t\t\t\t<\/div>\n\t\t\t<\/div>\n\t\t<\/div>\n\t<\/div>\n<\/article>\t<\/div>\n\t<\/div>\t\t<\/div>\n\t\t\t\t<\/div>\n\t\t\t\t\t<\/div>\n\t\t<\/div>\n\t\t\t\t\t<\/div>\n\t\t<\/section>\n\t\t\t\t<\/div>\n\t\t","protected":false},"excerpt":{"rendered":"<p>12\/04\/2023 Mi\u1ec1n Nam, H\u1ed3 Ch\u00ed Minh, H\u01b0ng L\u1ee3i, \u0110\u00e0 N\u1eb5ng, Bu\u00f4n Ma Thu\u1ed9t Xem Th\u00eam 12\/04\/2023 Nha Trang, V\u0169ng T\u00e0u Xem Th\u00eam 12\/04\/2023 H\u00e0 N\u1ed9i, H\u1ea3i Ph\u00f2ng, H\u1ea1 Long Xem Th\u00eam<\/p>\n","protected":false},"author":1,"featured_media":88040,"parent":0,"menu_order":0,"comment_status":"closed","ping_status":"closed","template":"","meta":{"footnotes":""},"categories":[1],"tags":[],"class_list":["post-16809","page","type-page","status-publish","has-post-thumbnail","hentry","category-uncategorized"],"yoast_head":"<!-- This site is optimized with the Yoast SEO plugin v23.3 - https:\/\/yoast.com\/wordpress\/plugins\/seo\/ -->\n<title>Promotional Publication - MM Mega Market Vietnam<\/title>\n<meta name=\"robots\" content=\"index, follow, max-snippet:-1, max-image-preview:large, max-video-preview:-1\" \/>\n<link rel=\"canonical\" href=\"https:\/\/mmvietnam.com\/en\/promotional-publication\/\" \/>\n<meta property=\"og:locale\" content=\"en_US\" \/>\n<meta property=\"og:type\" content=\"article\" \/>\n<meta property=\"og:title\" content=\"Promotional Publication - MM Mega Market Vietnam\" \/>\n<meta property=\"og:description\" content=\"12\/04\/2023 Mi\u1ec1n Nam, H\u1ed3 Ch\u00ed Minh, H\u01b0ng L\u1ee3i, \u0110\u00e0 N\u1eb5ng, Bu\u00f4n Ma Thu\u1ed9t Xem Th\u00eam 12\/04\/2023 Nha Trang, V\u0169ng T\u00e0u Xem Th\u00eam 12\/04\/2023 H\u00e0 N\u1ed9i, H\u1ea3i Ph\u00f2ng, H\u1ea1 Long Xem Th\u00eam\" \/>\n<meta property=\"og:url\" content=\"https:\/\/mmvietnam.com\/en\/promotional-publication\/\" \/>\n<meta property=\"og:site_name\" content=\"MM Mega Market Vietnam\" \/>\n<meta property=\"article:publisher\" content=\"https:\/\/www.facebook.com\/MMMegaMarketVietnam\/\" \/>\n<meta property=\"article:modified_time\" content=\"2024-12-30T10:41:02+00:00\" \/>\n<meta property=\"og:image\" content=\"https:\/\/mmvietnam.com\/wp-content\/uploads\/2024\/12\/BANNER-MINI-1.jpg\" \/>\n\t<meta property=\"og:image:width\" content=\"1100\" \/>\n\t<meta property=\"og:image:height\" content=\"821\" \/>\n\t<meta property=\"og:image:type\" content=\"image\/jpeg\" \/>\n<meta name=\"twitter:card\" content=\"summary_large_image\" \/>\n<meta name=\"twitter:label1\" content=\"Est. reading time\" \/>\n\t<meta name=\"twitter:data1\" content=\"1 minute\" \/>\n<script type=\"application\/ld+json\" class=\"yoast-schema-graph\">{\"@context\":\"https:\/\/schema.org\",\"@graph\":[{\"@type\":\"WebPage\",\"@id\":\"https:\/\/mmvietnam.com\/en\/promotional-publication\/\",\"url\":\"https:\/\/mmvietnam.com\/en\/promotional-publication\/\",\"name\":\"Promotional Publication - MM Mega Market Vietnam\",\"isPartOf\":{\"@id\":\"https:\/\/mmvietnam.com\/#website\"},\"primaryImageOfPage\":{\"@id\":\"https:\/\/mmvietnam.com\/en\/promotional-publication\/#primaryimage\"},\"image\":{\"@id\":\"https:\/\/mmvietnam.com\/en\/promotional-publication\/#primaryimage\"},\"thumbnailUrl\":\"https:\/\/mmvietnam.com\/wp-content\/uploads\/2024\/12\/BANNER-MINI-1.jpg\",\"datePublished\":\"2020-12-28T07:38:29+00:00\",\"dateModified\":\"2024-12-30T10:41:02+00:00\",\"breadcrumb\":{\"@id\":\"https:\/\/mmvietnam.com\/en\/promotional-publication\/#breadcrumb\"},\"inLanguage\":\"en-US\",\"potentialAction\":[{\"@type\":\"ReadAction\",\"target\":[\"https:\/\/mmvietnam.com\/en\/promotional-publication\/\"]}]},{\"@type\":\"ImageObject\",\"inLanguage\":\"en-US\",\"@id\":\"https:\/\/mmvietnam.com\/en\/promotional-publication\/#primaryimage\",\"url\":\"https:\/\/mmvietnam.com\/wp-content\/uploads\/2024\/12\/BANNER-MINI-1.jpg\",\"contentUrl\":\"https:\/\/mmvietnam.com\/wp-content\/uploads\/2024\/12\/BANNER-MINI-1.jpg\",\"width\":1100,\"height\":821},{\"@type\":\"BreadcrumbList\",\"@id\":\"https:\/\/mmvietnam.com\/en\/promotional-publication\/#breadcrumb\",\"itemListElement\":[{\"@type\":\"ListItem\",\"position\":1,\"name\":\"Home\",\"item\":\"https:\/\/mmvietnam.com\/en\/\"},{\"@type\":\"ListItem\",\"position\":2,\"name\":\"Promotional Publication\"}]},{\"@type\":\"WebSite\",\"@id\":\"https:\/\/mmvietnam.com\/#website\",\"url\":\"https:\/\/mmvietnam.com\/\",\"name\":\"MM Mega Market Vietnam\",\"description\":\"\",\"publisher\":{\"@id\":\"https:\/\/mmvietnam.com\/#organization\"},\"potentialAction\":[{\"@type\":\"SearchAction\",\"target\":{\"@type\":\"EntryPoint\",\"urlTemplate\":\"https:\/\/mmvietnam.com\/?s={search_term_string}\"},\"query-input\":\"required name=search_term_string\"}],\"inLanguage\":\"en-US\"},{\"@type\":\"Organization\",\"@id\":\"https:\/\/mmvietnam.com\/#organization\",\"name\":\"MM Mega Market\",\"url\":\"https:\/\/mmvietnam.com\/\",\"logo\":{\"@type\":\"ImageObject\",\"inLanguage\":\"en-US\",\"@id\":\"https:\/\/mmvietnam.com\/#\/schema\/logo\/image\/\",\"url\":\"http:\/\/172.26.11.184\/wp-content\/uploads\/2020\/12\/logo.png\",\"contentUrl\":\"http:\/\/172.26.11.184\/wp-content\/uploads\/2020\/12\/logo.png\",\"width\":300,\"height\":300,\"caption\":\"MM Mega Market\"},\"image\":{\"@id\":\"https:\/\/mmvietnam.com\/#\/schema\/logo\/image\/\"},\"sameAs\":[\"https:\/\/www.facebook.com\/MMMegaMarketVietnam\/\",\"https:\/\/www.instagram.com\/mmmegamarketvietnam\/\",\"https:\/\/www.linkedin.com\/company\/mm-mega-market-vietnam\/\",\"https:\/\/www.youtube.com\/channel\/UC3212AUOGNn6Hp5TIFL3djg\"]}]}<\/script>\n<!-- \/ Yoast SEO plugin. -->","yoast_head_json":{"title":"Promotional Publication - MM Mega Market Vietnam","robots":{"index":"index","follow":"follow","max-snippet":"max-snippet:-1","max-image-preview":"max-image-preview:large","max-video-preview":"max-video-preview:-1"},"canonical":"https:\/\/mmvietnam.com\/en\/promotional-publication\/","og_locale":"en_US","og_type":"article","og_title":"Promotional Publication - MM Mega Market Vietnam","og_description":"12\/04\/2023 Mi\u1ec1n Nam, H\u1ed3 Ch\u00ed Minh, H\u01b0ng L\u1ee3i, \u0110\u00e0 N\u1eb5ng, Bu\u00f4n Ma Thu\u1ed9t Xem Th\u00eam 12\/04\/2023 Nha Trang, V\u0169ng T\u00e0u Xem Th\u00eam 12\/04\/2023 H\u00e0 N\u1ed9i, H\u1ea3i Ph\u00f2ng, H\u1ea1 Long Xem Th\u00eam","og_url":"https:\/\/mmvietnam.com\/en\/promotional-publication\/","og_site_name":"MM Mega Market Vietnam","article_publisher":"https:\/\/www.facebook.com\/MMMegaMarketVietnam\/","article_modified_time":"2024-12-30T10:41:02+00:00","og_image":[{"width":1100,"height":821,"url":"https:\/\/mmvietnam.com\/wp-content\/uploads\/2024\/12\/BANNER-MINI-1.jpg","type":"image\/jpeg"}],"twitter_card":"summary_large_image","twitter_misc":{"Est. reading time":"1 minute"},"schema":{"@context":"https:\/\/schema.org","@graph":[{"@type":"WebPage","@id":"https:\/\/mmvietnam.com\/en\/promotional-publication\/","url":"https:\/\/mmvietnam.com\/en\/promotional-publication\/","name":"Promotional Publication - MM Mega Market Vietnam","isPartOf":{"@id":"https:\/\/mmvietnam.com\/#website"},"primaryImageOfPage":{"@id":"https:\/\/mmvietnam.com\/en\/promotional-publication\/#primaryimage"},"image":{"@id":"https:\/\/mmvietnam.com\/en\/promotional-publication\/#primaryimage"},"thumbnailUrl":"https:\/\/mmvietnam.com\/wp-content\/uploads\/2024\/12\/BANNER-MINI-1.jpg","datePublished":"2020-12-28T07:38:29+00:00","dateModified":"2024-12-30T10:41:02+00:00","breadcrumb":{"@id":"https:\/\/mmvietnam.com\/en\/promotional-publication\/#breadcrumb"},"inLanguage":"en-US","potentialAction":[{"@type":"ReadAction","target":["https:\/\/mmvietnam.com\/en\/promotional-publication\/"]}]},{"@type":"ImageObject","inLanguage":"en-US","@id":"https:\/\/mmvietnam.com\/en\/promotional-publication\/#primaryimage","url":"https:\/\/mmvietnam.com\/wp-content\/uploads\/2024\/12\/BANNER-MINI-1.jpg","contentUrl":"https:\/\/mmvietnam.com\/wp-content\/uploads\/2024\/12\/BANNER-MINI-1.jpg","width":1100,"height":821},{"@type":"BreadcrumbList","@id":"https:\/\/mmvietnam.com\/en\/promotional-publication\/#breadcrumb","itemListElement":[{"@type":"ListItem","position":1,"name":"Home","item":"https:\/\/mmvietnam.com\/en\/"},{"@type":"ListItem","position":2,"name":"Promotional Publication"}]},{"@type":"WebSite","@id":"https:\/\/mmvietnam.com\/#website","url":"https:\/\/mmvietnam.com\/","name":"MM Mega Market Vietnam","description":"","publisher":{"@id":"https:\/\/mmvietnam.com\/#organization"},"potentialAction":[{"@type":"SearchAction","target":{"@type":"EntryPoint","urlTemplate":"https:\/\/mmvietnam.com\/?s={search_term_string}"},"query-input":"required name=search_term_string"}],"inLanguage":"en-US"},{"@type":"Organization","@id":"https:\/\/mmvietnam.com\/#organization","name":"MM Mega Market","url":"https:\/\/mmvietnam.com\/","logo":{"@type":"ImageObject","inLanguage":"en-US","@id":"https:\/\/mmvietnam.com\/#\/schema\/logo\/image\/","url":"http:\/\/172.26.11.184\/wp-content\/uploads\/2020\/12\/logo.png","contentUrl":"http:\/\/172.26.11.184\/wp-content\/uploads\/2020\/12\/logo.png","width":300,"height":300,"caption":"MM Mega Market"},"image":{"@id":"https:\/\/mmvietnam.com\/#\/schema\/logo\/image\/"},"sameAs":["https:\/\/www.facebook.com\/MMMegaMarketVietnam\/","https:\/\/www.instagram.com\/mmmegamarketvietnam\/","https:\/\/www.linkedin.com\/company\/mm-mega-market-vietnam\/","https:\/\/www.youtube.com\/channel\/UC3212AUOGNn6Hp5TIFL3djg"]}]}},"_links":{"self":[{"href":"https:\/\/mmvietnam.com\/en\/wp-json\/wp\/v2\/pages\/16809"}],"collection":[{"href":"https:\/\/mmvietnam.com\/en\/wp-json\/wp\/v2\/pages"}],"about":[{"href":"https:\/\/mmvietnam.com\/en\/wp-json\/wp\/v2\/types\/page"}],"author":[{"embeddable":true,"href":"https:\/\/mmvietnam.com\/en\/wp-json\/wp\/v2\/users\/1"}],"replies":[{"embeddable":true,"href":"https:\/\/mmvietnam.com\/en\/wp-json\/wp\/v2\/comments?post=16809"}],"version-history":[{"count":1,"href":"https:\/\/mmvietnam.com\/en\/wp-json\/wp\/v2\/pages\/16809\/revisions"}],"predecessor-version":[{"id":87262,"href":"https:\/\/mmvietnam.com\/en\/wp-json\/wp\/v2\/pages\/16809\/revisions\/87262"}],"wp:featuredmedia":[{"embeddable":true,"href":"https:\/\/mmvietnam.com\/en\/wp-json\/wp\/v2\/media\/88040"}],"wp:attachment":[{"href":"https:\/\/mmvietnam.com\/en\/wp-json\/wp\/v2\/media?parent=16809"}],"wp:term":[{"taxonomy":"category","embeddable":true,"href":"https:\/\/mmvietnam.com\/en\/wp-json\/wp\/v2\/categories?post=16809"},{"taxonomy":"post_tag","embeddable":true,"href":"https:\/\/mmvietnam.com\/en\/wp-json\/wp\/v2\/tags?post=16809"}],"curies":[{"name":"wp","href":"https:\/\/api.w.org\/{rel}","templated":true}]}}